{"id":161,"date":"2023-07-17T12:11:54","date_gmt":"2023-07-17T10:11:54","guid":{"rendered":"https:\/\/juil3c.ateliersiteweb2.com\/?page_id=161"},"modified":"2023-07-17T12:17:53","modified_gmt":"2023-07-17T10:17:53","slug":"mentions-legales","status":"publish","type":"page","link":"https:\/\/www.t-raum.fr\/?page_id=161","title":{"rendered":"Mentions L\u00e9gales"},"content":{"rendered":"\t\t<div data-elementor-type=\"wp-page\" data-elementor-id=\"161\" class=\"elementor elementor-161\">\n\t\t\t\t\t\t<section class=\"elementor-section elementor-top-section elementor-element elementor-element-c5ba60c elementor-section-boxed elementor-section-height-default elementor-section-height-default\" data-id=\"c5ba60c\" data-element_type=\"section\" data-e-type=\"section\">\n\t\t\t\t\t\t<div class=\"elementor-container elementor-column-gap-default\">\n\t\t\t\t\t<div class=\"elementor-column elementor-col-100 elementor-top-column elementor-element elementor-element-80d2561\" data-id=\"80d2561\" data-element_type=\"column\" data-e-type=\"column\">\n\t\t\t<div class=\"elementor-widget-wrap elementor-element-populated\">\n\t\t\t\t\t\t<div class=\"elementor-element elementor-element-b2b1f50 elementor-widget elementor-widget-heading\" data-id=\"b2b1f50\" data-element_type=\"widget\" data-e-type=\"widget\" data-widget_type=\"heading.default\">\n\t\t\t\t<div class=\"elementor-widget-container\">\n\t\t\t\t\t<h2 class=\"elementor-heading-title elementor-size-default\">MENTIONS LEGALES<\/h2>\t\t\t\t<\/div>\n\t\t\t\t<\/div>\n\t\t\t\t\t<\/div>\n\t\t<\/div>\n\t\t\t\t\t<\/div>\n\t\t<\/section>\n\t\t\t\t<section class=\"elementor-section elementor-top-section elementor-element elementor-element-23706be elementor-section-boxed elementor-section-height-default elementor-section-height-default\" data-id=\"23706be\" data-element_type=\"section\" data-e-type=\"section\">\n\t\t\t\t\t\t<div class=\"elementor-container elementor-column-gap-default\">\n\t\t\t\t\t<div class=\"elementor-column elementor-col-100 elementor-top-column elementor-element elementor-element-c53fbd2\" data-id=\"c53fbd2\" data-element_type=\"column\" data-e-type=\"column\">\n\t\t\t<div class=\"elementor-widget-wrap elementor-element-populated\">\n\t\t\t\t\t\t<div class=\"elementor-element elementor-element-0e16361 elementor-widget elementor-widget-text-editor\" data-id=\"0e16361\" data-element_type=\"widget\" data-e-type=\"widget\" data-widget_type=\"text-editor.default\">\n\t\t\t\t<div class=\"elementor-widget-container\">\n\t\t\t\t\t\t\t\t\t<h1 class=\"western\" align=\"center\"><span style=\"font-size: 14px; color: var( --e-global-color-text );\">En vigueur au 17\/07\/2023<\/span><\/h1><p align=\"center\">\u00a0<\/p><p>Conform\u00e9ment aux dispositions des Articles 6-III et 19 de la Loi n\u00b02004-575 du 21 juin 2004 pour la Confiance dans l\u2019\u00e9conomie num\u00e9rique, dite L.C.E.N., il est port\u00e9 \u00e0 la connaissance des utilisateurs et visiteurs, ci-apr\u00e8s l\u00a0\u00bb\u00a0\u00bb<b>Utilisateur<\/b>\u00ab\u00a0, du site t.raum , ci-apr\u00e8s le \u00ab\u00a0<b>Site<\/b>\u00ab\u00a0, les pr\u00e9sentes mentions l\u00e9gales.<\/p><p>La connexion et la navigation sur le Site par l\u2019Utilisateur implique acceptation int\u00e9grale et sans r\u00e9serve des pr\u00e9sentes mentions l\u00e9gales.<\/p><p>Ces derni\u00e8res sont accessibles sur le Site \u00e0 la rubrique \u00ab <b>Mentions l\u00e9gales<\/b> \u00bb.<\/p><p>\u00a0<\/p><h2 class=\"western\">ARTICLE 1 &#8211; L&rsquo;EDITEUR<\/h2><h2 class=\"western\">\u00a0<\/h2><p>L\u2019\u00e9dition et la direction de la publication du Site est assur\u00e9e par Alice Danguy des D\u00e9serts, domicili\u00e9e 6 rue du G\u00e9n\u00e9ral Rapp, et l&rsquo;adresse e-mail alice@t-raum.fr.<\/p><p>\u00a0<\/p><p>La personne est assujettie au Registre du Commerce et des Soci\u00e9t\u00e9s de Strasbourg sous le num\u00e9ro 53058702100029.<\/p><p>Le num\u00e9ro de TVA intracommunautaire est <span style=\"color: #000000;\"><span style=\"font-family: Arial, sans-serif;\"><span style=\"font-size: xx-small;\">FR 965305087021<\/span><\/span><\/span>.<\/p><p>ci-apr\u00e8s l'\u00a0\u00bb<b>Editeur<\/b>\u00ab\u00a0.<\/p><h1 class=\"western\">\u00a0<\/h1><h2 class=\"western\">ARTICLE 2 &#8211; L&rsquo;HEBERGEUR<\/h2><h1 class=\"western\">\u00a0<\/h1><p>L&rsquo;h\u00e9bergeur du Site est la soci\u00e9t\u00e9 OVH, dont le si\u00e8ge social est situ\u00e9 au <span lang=\"fr-FR\"><b>2 rue Kellermann \u2013 BP 80157 59053 ROUBAIX CEDEX 1.<\/b><\/span><\/p><h1 class=\"western\">\u00a0<\/h1><h2 class=\"western\">ARTICLE 3 &#8211; ACCES AU SITE<\/h2><h1 class=\"western\">\u00a0<\/h1><p>Le Site est accessible en tout endroit, 7j\/7, 24h\/24 sauf cas de force majeure, interruption programm\u00e9e ou non et pouvant d\u00e9coulant d\u2019une n\u00e9cessit\u00e9 de maintenance.<\/p><p>En cas de modification, interruption ou suspension du Site, l&rsquo;Editeur ne saurait \u00eatre tenu responsable.<\/p><h2 class=\"western\">ARTICLE 4 &#8211; COLLECTE DES DONNEES<\/h2><p>Le site est exempt\u00e9 de d\u00e9claration \u00e0 la Commission Nationale Informatique et Libert\u00e9s (CNIL) dans la mesure o\u00f9 il ne collecte aucune donn\u00e9e concernant les utilisateurs.<\/p><p>\u00a0<\/p><p>Toute utilisation, reproduction, diffusion, commercialisation, modification de toute ou partie du Site, sans autorisation de l\u2019Editeur est prohib\u00e9e et pourra entra\u00een\u00e9e des actions et poursuites judiciaires telles que notamment pr\u00e9vues par le Code de la propri\u00e9t\u00e9 intellectuelle et le Code civil.<\/p><p>Pour plus d&rsquo;informations en mati\u00e8re de cookies, se reporter \u00e0 la Charte en mati\u00e8re de cookies du site t.raum accessible \u00e0 la rubrique \u00ab\u00a0Cookies\u00a0\u00bb<\/p><p>R\u00e9dig\u00e9 sur http:\/\/legalplace.fr<\/p>\t\t\t\t\t\t\t\t<\/div>\n\t\t\t\t<\/div>\n\t\t\t\t\t<\/div>\n\t\t<\/div>\n\t\t\t\t\t<\/div>\n\t\t<\/section>\n\t\t\t\t<\/div>\n\t\t","protected":false},"excerpt":{"rendered":"<p>MENTIONS LEGALES En vigueur au 17\/07\/2023 \u00a0 Conform\u00e9ment aux dispositions des Articles 6-III et 19 de la Loi n\u00b02004-575 du 21 juin 2004 pour la Confiance dans l\u2019\u00e9conomie num\u00e9rique, dite L.C.E.N., il est port\u00e9 \u00e0 la connaissance des utilisateurs et visiteurs, ci-apr\u00e8s l\u00a0\u00bb\u00a0\u00bbUtilisateur\u00ab\u00a0, du site t.raum , ci-apr\u00e8s le \u00ab\u00a0Site\u00ab\u00a0, les pr\u00e9sentes mentions l\u00e9gales. La [&hellip;]<\/p>\n","protected":false},"author":1,"featured_media":0,"parent":0,"menu_order":0,"comment_status":"closed","ping_status":"closed","template":"","meta":{"footnotes":""},"class_list":["post-161","page","type-page","status-publish","hentry","entry"],"_links":{"self":[{"href":"https:\/\/www.t-raum.fr\/index.php?rest_route=\/wp\/v2\/pages\/161","targetHints":{"allow":["GET"]}}],"collection":[{"href":"https:\/\/www.t-raum.fr\/index.php?rest_route=\/wp\/v2\/pages"}],"about":[{"href":"https:\/\/www.t-raum.fr\/index.php?rest_route=\/wp\/v2\/types\/page"}],"author":[{"embeddable":true,"href":"https:\/\/www.t-raum.fr\/index.php?rest_route=\/wp\/v2\/users\/1"}],"replies":[{"embeddable":true,"href":"https:\/\/www.t-raum.fr\/index.php?rest_route=%2Fwp%2Fv2%2Fcomments&post=161"}],"version-history":[{"count":10,"href":"https:\/\/www.t-raum.fr\/index.php?rest_route=\/wp\/v2\/pages\/161\/revisions"}],"predecessor-version":[{"id":171,"href":"https:\/\/www.t-raum.fr\/index.php?rest_route=\/wp\/v2\/pages\/161\/revisions\/171"}],"wp:attachment":[{"href":"https:\/\/www.t-raum.fr\/index.php?rest_route=%2Fwp%2Fv2%2Fmedia&parent=161"}],"curies":[{"name":"wp","href":"https:\/\/api.w.org\/{rel}","templated":true}]}}